{"id":527,"date":"2025-08-15T08:37:42","date_gmt":"2025-08-15T08:37:42","guid":{"rendered":"https:\/\/nicolasrichard.com\/?page_id=527"},"modified":"2026-03-27T10:26:21","modified_gmt":"2026-03-27T10:26:21","slug":"musiques-pour-la-publicite","status":"publish","type":"page","link":"https:\/\/nicolasrichard.com\/index.php\/musiques-pour-la-publicite\/","title":{"rendered":"Publicit\u00e9s"},"content":{"rendered":"\t\t<div data-elementor-type=\"wp-page\" data-elementor-id=\"527\" class=\"elementor elementor-527\">\n\t\t\t\t<div class=\"elementor-element elementor-element-0ebdb7a e-flex e-con-boxed e-con e-parent\" data-id=\"0ebdb7a\" data-element_type=\"container\" data-e-type=\"container\">\n\t\t\t\t\t<div class=\"e-con-inner\">\n\t\t\t\t<div class=\"elementor-element elementor-element-bdbbccd elementor-widget elementor-widget-image\" data-id=\"bdbbccd\" data-element_type=\"widget\" data-e-type=\"widget\" data-widget_type=\"image.default\">\n\t\t\t\t\t\t\t\t\t\t\t\t\t\t\t<img decoding=\"async\" width=\"300\" height=\"158\" src=\"https:\/\/nicolasrichard.com\/wp-content\/uploads\/2025\/08\/mad-men-300x158.jpeg\" class=\"attachment-medium size-medium wp-image-409\" alt=\"Mad men\" srcset=\"https:\/\/nicolasrichard.com\/wp-content\/uploads\/2025\/08\/mad-men-300x158.jpeg 300w, https:\/\/nicolasrichard.com\/wp-content\/uploads\/2025\/08\/mad-men.jpeg 309w\" sizes=\"(max-width: 300px) 100vw, 300px\" \/>\t\t\t\t\t\t\t\t\t\t\t\t\t\t\t<\/div>\n\t\t\t\t<div class=\"elementor-element elementor-element-1e84e7f elementor-widget elementor-widget-text-editor\" data-id=\"1e84e7f\" data-element_type=\"widget\" data-e-type=\"widget\" data-widget_type=\"text-editor.default\">\n\t\t\t\t\t\t\t\t\t<blockquote><p>Derri\u00e8re chaque campagne, il y a une histoire \u00e0 raconter : un style \u00e0 capter, une \u00e9motion \u00e0 transmettre, une ambiance \u00e0 installer. Qu\u2019il s\u2019agisse de faire r\u00eaver, sourire ou simplement donner envie, la musique doit trouver sa place, subtile mais essentielle.<\/p><\/blockquote>\t\t\t\t\t\t\t\t<\/div>\n\t\t\t\t\t<\/div>\n\t\t\t\t<\/div>\n\t\t<div class=\"elementor-element elementor-element-6c7b4bb e-grid e-con-boxed e-con e-parent\" data-id=\"6c7b4bb\" data-element_type=\"container\" data-e-type=\"container\">\n\t\t\t\t\t<div class=\"e-con-inner\">\n\t\t\t\t<div class=\"elementor-element elementor-element-07e8892 elementor-widget elementor-widget-video\" data-id=\"07e8892\" data-element_type=\"widget\" data-e-type=\"widget\" data-settings=\"{&quot;video_type&quot;:&quot;hosted&quot;,&quot;controls&quot;:&quot;yes&quot;}\" data-widget_type=\"video.default\">\n\t\t\t\t\t\t\t<div class=\"e-hosted-video elementor-wrapper elementor-open-inline\">\n\t\t\t\t\t<video class=\"elementor-video\" src=\"https:\/\/nicolasrichard.com\/wp-content\/uploads\/2025\/10\/Egypt-Imov.mp4\" controls=\"\" preload=\"metadata\" controlsList=\"nodownload\" poster=\"https:\/\/nicolasrichard.com\/wp-content\/uploads\/2025\/10\/Capture-decran-2025-10-02-a-14.23.42.jpg\"><\/video>\n\t\t\t\t<\/div>\n\t\t\t\t\t\t<\/div>\n\t\t\t\t<div class=\"elementor-element elementor-element-03c8517 elementor-widget elementor-widget-video\" data-id=\"03c8517\" data-element_type=\"widget\" data-e-type=\"widget\" data-settings=\"{&quot;video_type&quot;:&quot;hosted&quot;,&quot;controls&quot;:&quot;yes&quot;}\" data-widget_type=\"video.default\">\n\t\t\t\t\t\t\t<div class=\"e-hosted-video elementor-wrapper elementor-open-inline\">\n\t\t\t\t\t<video class=\"elementor-video\" src=\"https:\/\/nicolasrichard.com\/wp-content\/uploads\/2025\/10\/Orangina-2025.mp4\" controls=\"\" preload=\"metadata\" controlsList=\"nodownload\" poster=\"https:\/\/nicolasrichard.com\/wp-content\/uploads\/2025\/10\/Capture-decran-2025-10-02-a-14.35.47.jpg\"><\/video>\n\t\t\t\t<\/div>\n\t\t\t\t\t\t<\/div>\n\t\t\t\t<div class=\"elementor-element elementor-element-8a83c56 elementor-widget elementor-widget-video\" data-id=\"8a83c56\" data-element_type=\"widget\" data-e-type=\"widget\" data-settings=\"{&quot;video_type&quot;:&quot;hosted&quot;,&quot;controls&quot;:&quot;yes&quot;}\" data-widget_type=\"video.default\">\n\t\t\t\t\t\t\t<div class=\"e-hosted-video elementor-wrapper elementor-open-inline\">\n\t\t\t\t\t<video class=\"elementor-video\" src=\"https:\/\/nicolasrichard.com\/wp-content\/uploads\/2025\/10\/Dove-2025.mp4\" controls=\"\" preload=\"metadata\" controlsList=\"nodownload\" poster=\"https:\/\/nicolasrichard.com\/wp-content\/uploads\/2025\/10\/Capture-decran-2025-10-02-a-15.15.10.jpg\"><\/video>\n\t\t\t\t<\/div>\n\t\t\t\t\t\t<\/div>\n\t\t\t\t<div class=\"elementor-element elementor-element-c7f380e elementor-widget elementor-widget-video\" data-id=\"c7f380e\" data-element_type=\"widget\" data-e-type=\"widget\" data-settings=\"{&quot;video_type&quot;:&quot;hosted&quot;,&quot;controls&quot;:&quot;yes&quot;}\" data-widget_type=\"video.default\">\n\t\t\t\t\t\t\t<div class=\"e-hosted-video elementor-wrapper elementor-open-inline\">\n\t\t\t\t\t<video class=\"elementor-video\" src=\"https:\/\/nicolasrichard.com\/wp-content\/uploads\/2025\/10\/Ford-nueva-fiesta-2025.mp4\" controls=\"\" preload=\"metadata\" controlsList=\"nodownload\" poster=\"https:\/\/nicolasrichard.com\/wp-content\/uploads\/2025\/10\/Capture-decran-2025-10-02-a-15.01.19.jpg\"><\/video>\n\t\t\t\t<\/div>\n\t\t\t\t\t\t<\/div>\n\t\t\t\t<div class=\"elementor-element elementor-element-847e760 elementor-widget elementor-widget-video\" data-id=\"847e760\" data-element_type=\"widget\" data-e-type=\"widget\" data-settings=\"{&quot;video_type&quot;:&quot;hosted&quot;,&quot;controls&quot;:&quot;yes&quot;}\" data-widget_type=\"video.default\">\n\t\t\t\t\t\t\t<div class=\"e-hosted-video elementor-wrapper elementor-open-inline\">\n\t\t\t\t\t<video class=\"elementor-video\" src=\"https:\/\/nicolasrichard.com\/wp-content\/uploads\/2025\/10\/CHARAL.mp4\" controls=\"\" preload=\"metadata\" controlsList=\"nodownload\" poster=\"https:\/\/nicolasrichard.com\/wp-content\/uploads\/2025\/10\/Capture-decran-2025-10-02-a-15.05.09.jpg\"><\/video>\n\t\t\t\t<\/div>\n\t\t\t\t\t\t<\/div>\n\t\t\t\t<div class=\"elementor-element elementor-element-69b1c0d elementor-widget elementor-widget-video\" data-id=\"69b1c0d\" data-element_type=\"widget\" data-e-type=\"widget\" data-settings=\"{&quot;video_type&quot;:&quot;hosted&quot;,&quot;end&quot;:20,&quot;controls&quot;:&quot;yes&quot;}\" data-widget_type=\"video.default\">\n\t\t\t\t\t\t\t<div class=\"e-hosted-video elementor-wrapper elementor-open-inline\">\n\t\t\t\t\t<video class=\"elementor-video\" src=\"https:\/\/nicolasrichard.com\/wp-content\/uploads\/2025\/10\/Societe-Generale-2025.mp4#t=,20\" controls=\"\" preload=\"metadata\" controlsList=\"nodownload\" poster=\"https:\/\/nicolasrichard.com\/wp-content\/uploads\/2025\/10\/Capture-decran-2025-10-02-a-14.42.03.jpg\"><\/video>\n\t\t\t\t<\/div>\n\t\t\t\t\t\t<\/div>\n\t\t\t\t\t<\/div>\n\t\t\t\t<\/div>\n\t\t<div class=\"elementor-element elementor-element-6ca9941 e-grid e-con-boxed e-con e-parent\" data-id=\"6ca9941\" data-element_type=\"container\" data-e-type=\"container\">\n\t\t\t\t\t<div class=\"e-con-inner\">\n\t\t\t\t<div class=\"elementor-element elementor-element-8823983 elementor-widget elementor-widget-video\" data-id=\"8823983\" data-element_type=\"widget\" data-e-type=\"widget\" data-settings=\"{&quot;video_type&quot;:&quot;hosted&quot;,&quot;controls&quot;:&quot;yes&quot;}\" data-widget_type=\"video.default\">\n\t\t\t\t\t\t\t<div class=\"e-hosted-video elementor-wrapper elementor-open-inline\">\n\t\t\t\t\t<video class=\"elementor-video\" src=\"https:\/\/nicolasrichard.com\/wp-content\/uploads\/2025\/10\/Futuroscope-2025.mp4\" controls=\"\" preload=\"metadata\" controlsList=\"nodownload\" poster=\"https:\/\/nicolasrichard.com\/wp-content\/uploads\/2025\/10\/futuroscope.jpg\"><\/video>\n\t\t\t\t<\/div>\n\t\t\t\t\t\t<\/div>\n\t\t\t\t<div class=\"elementor-element elementor-element-7b2cd78 elementor-widget elementor-widget-video\" data-id=\"7b2cd78\" data-element_type=\"widget\" data-e-type=\"widget\" data-settings=\"{&quot;video_type&quot;:&quot;hosted&quot;,&quot;controls&quot;:&quot;yes&quot;}\" data-widget_type=\"video.default\">\n\t\t\t\t\t\t\t<div class=\"e-hosted-video elementor-wrapper elementor-open-inline\">\n\t\t\t\t\t<video class=\"elementor-video\" src=\"https:\/\/nicolasrichard.com\/wp-content\/uploads\/2025\/10\/Twingo-2025-1.mp4\" controls=\"\" preload=\"metadata\" controlsList=\"nodownload\" poster=\"https:\/\/nicolasrichard.com\/wp-content\/uploads\/2025\/10\/Capture-decran-2025-10-02-a-14.51.46.jpg\"><\/video>\n\t\t\t\t<\/div>\n\t\t\t\t\t\t<\/div>\n\t\t\t\t<div class=\"elementor-element elementor-element-1c6af55 elementor-widget elementor-widget-video\" data-id=\"1c6af55\" data-element_type=\"widget\" data-e-type=\"widget\" data-settings=\"{&quot;video_type&quot;:&quot;hosted&quot;,&quot;controls&quot;:&quot;yes&quot;}\" data-widget_type=\"video.default\">\n\t\t\t\t\t\t\t<div class=\"e-hosted-video elementor-wrapper elementor-open-inline\">\n\t\t\t\t\t<video class=\"elementor-video\" src=\"https:\/\/nicolasrichard.com\/wp-content\/uploads\/2025\/10\/Maggi-2025.mp4\" controls=\"\" preload=\"metadata\" controlsList=\"nodownload\" poster=\"https:\/\/nicolasrichard.com\/wp-content\/uploads\/2025\/10\/Capture-decran-2025-10-02-a-15.33.54.jpg\"><\/video>\n\t\t\t\t<\/div>\n\t\t\t\t\t\t<\/div>\n\t\t\t\t<div class=\"elementor-element elementor-element-03b7e4f elementor-widget elementor-widget-video\" data-id=\"03b7e4f\" data-element_type=\"widget\" data-e-type=\"widget\" data-settings=\"{&quot;video_type&quot;:&quot;hosted&quot;,&quot;controls&quot;:&quot;yes&quot;}\" data-widget_type=\"video.default\">\n\t\t\t\t\t\t\t<div class=\"e-hosted-video elementor-wrapper elementor-open-inline\">\n\t\t\t\t\t<video class=\"elementor-video\" src=\"https:\/\/nicolasrichard.com\/wp-content\/uploads\/2025\/10\/Dim-2025.mp4\" controls=\"\" preload=\"metadata\" controlsList=\"nodownload\" poster=\"https:\/\/nicolasrichard.com\/wp-content\/uploads\/2025\/10\/Capture-decran-2025-10-02-a-15.27.56-1.jpg\"><\/video>\n\t\t\t\t<\/div>\n\t\t\t\t\t\t<\/div>\n\t\t\t\t\t<\/div>\n\t\t\t\t<\/div>\n\t\t<div class=\"elementor-element elementor-element-0512c46 e-flex e-con-boxed e-con e-parent\" data-id=\"0512c46\" data-element_type=\"container\" data-e-type=\"container\">\n\t\t\t\t\t<div class=\"e-con-inner\">\n\t\t\t\t<div class=\"elementor-element elementor-element-b2d756f elementor-arrows-position-inside elementor-pagination-position-outside elementor-widget elementor-widget-image-carousel\" data-id=\"b2d756f\" data-element_type=\"widget\" data-e-type=\"widget\" data-settings=\"{&quot;navigation&quot;:&quot;both&quot;,&quot;autoplay&quot;:&quot;yes&quot;,&quot;pause_on_hover&quot;:&quot;yes&quot;,&quot;pause_on_interaction&quot;:&quot;yes&quot;,&quot;autoplay_speed&quot;:5000,&quot;infinite&quot;:&quot;yes&quot;,&quot;speed&quot;:500}\" data-widget_type=\"image-carousel.default\">\n\t\t\t\t\t\t\t<div class=\"elementor-image-carousel-wrapper swiper\" role=\"region\" aria-roledescription=\"carousel\" aria-label=\"Carrousel d\u2019images\" dir=\"ltr\">\n\t\t\t<div class=\"elementor-image-carousel swiper-wrapper\" aria-live=\"off\">\n\t\t\t\t\t\t\t\t<div class=\"swiper-slide\" role=\"group\" aria-roledescription=\"slide\" aria-label=\"1 sur 11\"><figure class=\"swiper-slide-inner\"><img decoding=\"async\" class=\"swiper-slide-image\" src=\"https:\/\/nicolasrichard.com\/wp-content\/uploads\/2025\/08\/chrysler-2-150x150.webp\" alt=\"Chrysler 2\" \/><\/figure><\/div><div class=\"swiper-slide\" role=\"group\" aria-roledescription=\"slide\" aria-label=\"2 sur 11\"><figure class=\"swiper-slide-inner\"><img decoding=\"async\" class=\"swiper-slide-image\" src=\"https:\/\/nicolasrichard.com\/wp-content\/uploads\/2025\/08\/ford-2-150x148.jpeg\" alt=\"Ford 2\" \/><\/figure><\/div><div class=\"swiper-slide\" role=\"group\" aria-roledescription=\"slide\" aria-label=\"3 sur 11\"><figure class=\"swiper-slide-inner\"><img decoding=\"async\" class=\"swiper-slide-image\" src=\"https:\/\/nicolasrichard.com\/wp-content\/uploads\/2025\/08\/carrefour-150x148.png\" alt=\"Carrefour\" \/><\/figure><\/div><div class=\"swiper-slide\" role=\"group\" aria-roledescription=\"slide\" aria-label=\"4 sur 11\"><figure class=\"swiper-slide-inner\"><img decoding=\"async\" class=\"swiper-slide-image\" src=\"https:\/\/nicolasrichard.com\/wp-content\/uploads\/2025\/08\/orangina-150x150.png\" alt=\"Orangina\" \/><\/figure><\/div><div class=\"swiper-slide\" role=\"group\" aria-roledescription=\"slide\" aria-label=\"5 sur 11\"><figure class=\"swiper-slide-inner\"><img decoding=\"async\" class=\"swiper-slide-image\" src=\"https:\/\/nicolasrichard.com\/wp-content\/uploads\/2025\/08\/charal-atelier-150x150.webp\" alt=\"Charal atelier\" \/><\/figure><\/div><div class=\"swiper-slide\" role=\"group\" aria-roledescription=\"slide\" aria-label=\"6 sur 11\"><figure class=\"swiper-slide-inner\"><img decoding=\"async\" class=\"swiper-slide-image\" src=\"https:\/\/nicolasrichard.com\/wp-content\/uploads\/2025\/08\/dove-150x150.jpg\" alt=\"Dove\" \/><\/figure><\/div><div class=\"swiper-slide\" role=\"group\" aria-roledescription=\"slide\" aria-label=\"7 sur 11\"><figure class=\"swiper-slide-inner\"><img decoding=\"async\" class=\"swiper-slide-image\" src=\"https:\/\/nicolasrichard.com\/wp-content\/uploads\/2025\/08\/rolex-150x150.webp\" alt=\"Rolex\" \/><\/figure><\/div><div class=\"swiper-slide\" role=\"group\" aria-roledescription=\"slide\" aria-label=\"8 sur 11\"><figure class=\"swiper-slide-inner\"><img decoding=\"async\" class=\"swiper-slide-image\" src=\"https:\/\/nicolasrichard.com\/wp-content\/uploads\/2025\/08\/senseo-150x148.jpeg\" alt=\"Senseo\" \/><\/figure><\/div><div class=\"swiper-slide\" role=\"group\" aria-roledescription=\"slide\" aria-label=\"9 sur 11\"><figure class=\"swiper-slide-inner\"><img decoding=\"async\" class=\"swiper-slide-image\" src=\"https:\/\/nicolasrichard.com\/wp-content\/uploads\/2025\/08\/Logo-futuroscope-2002-150x150.jpg\" alt=\"Logo futuroscope 2002\" \/><\/figure><\/div><div class=\"swiper-slide\" role=\"group\" aria-roledescription=\"slide\" aria-label=\"10 sur 11\"><figure class=\"swiper-slide-inner\"><img decoding=\"async\" class=\"swiper-slide-image\" src=\"https:\/\/nicolasrichard.com\/wp-content\/uploads\/2025\/08\/10687_logotegypte-150x150.jpg\" alt=\"10687 logotegypte\" \/><\/figure><\/div><div class=\"swiper-slide\" role=\"group\" aria-roledescription=\"slide\" aria-label=\"11 sur 11\"><figure class=\"swiper-slide-inner\"><img decoding=\"async\" class=\"swiper-slide-image\" src=\"https:\/\/nicolasrichard.com\/wp-content\/uploads\/2025\/08\/mad-men-150x150.jpeg\" alt=\"Mad men\" \/><\/figure><\/div>\t\t\t<\/div>\n\t\t\t\t\t\t\t\t\t\t\t\t<div class=\"elementor-swiper-button elementor-swiper-button-prev\" role=\"button\" tabindex=\"0\">\n\t\t\t\t\t\t<svg aria-hidden=\"true\" class=\"e-font-icon-svg e-eicon-chevron-left\" viewBox=\"0 0 1000 1000\" xmlns=\"http:\/\/www.w3.org\/2000\/svg\"><path d=\"M646 125C629 125 613 133 604 142L308 442C296 454 292 471 292 487 292 504 296 521 308 533L604 854C617 867 629 875 646 875 663 875 679 871 692 858 704 846 713 829 713 812 713 796 708 779 692 767L438 487 692 225C700 217 708 204 708 187 708 171 704 154 692 142 675 129 663 125 646 125Z\"><\/path><\/svg>\t\t\t\t\t<\/div>\n\t\t\t\t\t<div class=\"elementor-swiper-button elementor-swiper-button-next\" role=\"button\" tabindex=\"0\">\n\t\t\t\t\t\t<svg aria-hidden=\"true\" class=\"e-font-icon-svg e-eicon-chevron-right\" viewBox=\"0 0 1000 1000\" xmlns=\"http:\/\/www.w3.org\/2000\/svg\"><path d=\"M696 533C708 521 713 504 713 487 713 471 708 454 696 446L400 146C388 133 375 125 354 125 338 125 325 129 313 142 300 154 292 171 292 187 292 204 296 221 308 233L563 492 304 771C292 783 288 800 288 817 288 833 296 850 308 863 321 871 338 875 354 875 371 875 388 867 400 854L696 533Z\"><\/path><\/svg>\t\t\t\t\t<\/div>\n\t\t\t\t\n\t\t\t\t\t\t\t\t\t<div class=\"swiper-pagination\"><\/div>\n\t\t\t\t\t\t\t\t\t<\/div>\n\t\t\t\t\t\t<\/div>\n\t\t\t\t\t<\/div>\n\t\t\t\t<\/div>\n\t\t<div class=\"elementor-element elementor-element-a6dfb00 e-flex e-con-boxed e-con e-parent\" data-id=\"a6dfb00\" data-element_type=\"container\" data-e-type=\"container\">\n\t\t\t\t\t<div class=\"e-con-inner\">\n\t\t\t\t\t<\/div>\n\t\t\t\t<\/div>\n\t\t<div class=\"elementor-element elementor-element-d83a71e e-flex e-con-boxed e-con e-parent\" data-id=\"d83a71e\" data-element_type=\"container\" data-e-type=\"container\">\n\t\t\t\t\t<div class=\"e-con-inner\">\n\t\t\t\t\t<\/div>\n\t\t\t\t<\/div>\n\t\t\t\t<\/div>\n\t\t","protected":false},"excerpt":{"rendered":"<p>Derri\u00e8re chaque campagne, il y a une histoire \u00e0 raconter : un style \u00e0 capter, une \u00e9motion \u00e0 transmettre, une ambiance \u00e0 installer. Qu\u2019il s\u2019agisse de faire r\u00eaver, sourire ou simplement donner envie, la musique doit trouver sa place, subtile mais essentielle. https:\/\/nicolasrichard.com\/wp-content\/uploads\/2025\/10\/Egypt-Imov.mp4https:\/\/nicolasrichard.com\/wp-content\/uploads\/2025\/10\/Orangina-2025.mp4https:\/\/nicolasrichard.com\/wp-content\/uploads\/2025\/10\/Dove-2025.mp4https:\/\/nicolasrichard.com\/wp-content\/uploads\/2025\/10\/Ford-nueva-fiesta-2025.mp4https:\/\/nicolasrichard.com\/wp-content\/uploads\/2025\/10\/CHARAL.mp4https:\/\/nicolasrichard.com\/wp-content\/uploads\/2025\/10\/Societe-Generale-2025.mp4#t=,20https:\/\/nicolasrichard.com\/wp-content\/uploads\/2025\/10\/Futuroscope-2025.mp4https:\/\/nicolasrichard.com\/wp-content\/uploads\/2025\/10\/Twingo-2025-1.mp4https:\/\/nicolasrichard.com\/wp-content\/uploads\/2025\/10\/Maggi-2025.mp4https:\/\/nicolasrichard.com\/wp-content\/uploads\/2025\/10\/Dim-2025.mp4<\/p>\n","protected":false},"author":1,"featured_media":0,"parent":0,"menu_order":0,"comment_status":"closed","ping_status":"closed","template":"","meta":{"slim_seo":{"title":"Publicit\u00e9s - Nicolas Richard","description":"Derri\u00e8re chaque campagne, il y a une histoire \u00e0 raconter : un style \u00e0 capter, une \u00e9motion \u00e0 transmettre, une ambiance \u00e0 installer. Qu\u2019il s\u2019agisse de faire r\u00eaver"},"footnotes":""},"class_list":["post-527","page","type-page","status-publish","hentry"],"_links":{"self":[{"href":"https:\/\/nicolasrichard.com\/index.php\/wp-json\/wp\/v2\/pages\/527","targetHints":{"allow":["GET"]}}],"collection":[{"href":"https:\/\/nicolasrichard.com\/index.php\/wp-json\/wp\/v2\/pages"}],"about":[{"href":"https:\/\/nicolasrichard.com\/index.php\/wp-json\/wp\/v2\/types\/page"}],"author":[{"embeddable":true,"href":"https:\/\/nicolasrichard.com\/index.php\/wp-json\/wp\/v2\/users\/1"}],"replies":[{"embeddable":true,"href":"https:\/\/nicolasrichard.com\/index.php\/wp-json\/wp\/v2\/comments?post=527"}],"version-history":[{"count":35,"href":"https:\/\/nicolasrichard.com\/index.php\/wp-json\/wp\/v2\/pages\/527\/revisions"}],"predecessor-version":[{"id":2002,"href":"https:\/\/nicolasrichard.com\/index.php\/wp-json\/wp\/v2\/pages\/527\/revisions\/2002"}],"wp:attachment":[{"href":"https:\/\/nicolasrichard.com\/index.php\/wp-json\/wp\/v2\/media?parent=527"}],"curies":[{"name":"wp","href":"https:\/\/api.w.org\/{rel}","templated":true}]}}