{"id":525,"date":"2025-08-15T08:36:29","date_gmt":"2025-08-15T08:36:29","guid":{"rendered":"https:\/\/nicolasrichard.com\/?page_id=525"},"modified":"2026-04-05T09:54:50","modified_gmt":"2026-04-05T09:54:50","slug":"series-tv-animations","status":"publish","type":"page","link":"https:\/\/nicolasrichard.com\/index.php\/series-tv-animations\/","title":{"rendered":"S\u00e9ries TV"},"content":{"rendered":"\t\t<div data-elementor-type=\"wp-page\" data-elementor-id=\"525\" class=\"elementor elementor-525\">\n\t\t\t\t<div class=\"elementor-element elementor-element-0ebdb7a e-flex e-con-boxed e-con e-parent\" data-id=\"0ebdb7a\" data-element_type=\"container\" data-e-type=\"container\">\n\t\t\t\t\t<div class=\"e-con-inner\">\n\t\t\t\t<div class=\"elementor-element elementor-element-1f2c936 elementor-widget elementor-widget-text-editor\" data-id=\"1f2c936\" data-element_type=\"widget\" data-e-type=\"widget\" data-widget_type=\"text-editor.default\">\n\t\t\t\t\t\t\t\t\t<p>De la s\u00e9rie culte &#8221; <i>\u00c7a Cartoon&#8221;<\/i> aux s\u00e9ries anim\u00e9es internationales, en passant par les documentaires et t\u00e9l\u00e9films pour TF1, France T\u00e9l\u00e9visions et Canal+, j\u2019\u00e9cris des musiques qui savent faire sourire, vibrer\u2026 et parfois m\u00eame rester dans la t\u00eate longtemps !<\/p>\t\t\t\t\t\t\t\t<\/div>\n\t\t\t\t\t<\/div>\n\t\t\t\t<\/div>\n\t\t<div class=\"elementor-element elementor-element-6e11e2b e-flex e-con-boxed e-con e-parent\" data-id=\"6e11e2b\" data-element_type=\"container\" data-e-type=\"container\">\n\t\t\t\t\t<div class=\"e-con-inner\">\n\t\t<div class=\"elementor-element elementor-element-3472098 e-con-full e-flex e-con e-child\" data-id=\"3472098\" data-element_type=\"container\" data-e-type=\"container\">\n\t\t\t\t<div class=\"elementor-element elementor-element-9cc8bf8 elementor-widget elementor-widget-video\" data-id=\"9cc8bf8\" data-element_type=\"widget\" data-e-type=\"widget\" data-settings=\"{&quot;youtube_url&quot;:&quot;https:\\\/\\\/www.youtube.com\\\/watch?v=6wCMJIsGbQ8&amp;list=PLkFFSE41oDWB7QzC-kOZ7YD1hC7RSUXiH&amp;index=4&quot;,&quot;video_type&quot;:&quot;youtube&quot;,&quot;controls&quot;:&quot;yes&quot;}\" data-widget_type=\"video.default\">\n\t\t\t\t\t\t\t<div class=\"elementor-wrapper elementor-open-inline\">\n\t\t\t<div class=\"elementor-video\"><\/div>\t\t<\/div>\n\t\t\t\t\t\t<\/div>\n\t\t\t\t<div class=\"elementor-element elementor-element-ece8ca3 elementor-widget elementor-widget-text-editor\" data-id=\"ece8ca3\" data-element_type=\"widget\" data-e-type=\"widget\" data-widget_type=\"text-editor.default\">\n\t\t\t\t\t\t\t\t\t<p>&#8221;\u00a0<i>\u00c7a Cartoon, le labo du gag&#8221; 4 x 26 \u00e9pisodes C+<\/i><\/p>\t\t\t\t\t\t\t\t<\/div>\n\t\t\t\t<\/div>\n\t\t<div class=\"elementor-element elementor-element-75ecc53 e-con-full e-flex e-con e-child\" data-id=\"75ecc53\" data-element_type=\"container\" data-e-type=\"container\">\n\t\t\t\t<div class=\"elementor-element elementor-element-82b9ea8 elementor-widget elementor-widget-video\" data-id=\"82b9ea8\" data-element_type=\"widget\" data-e-type=\"widget\" data-settings=\"{&quot;video_type&quot;:&quot;hosted&quot;,&quot;start&quot;:1,&quot;controls&quot;:&quot;yes&quot;}\" data-widget_type=\"video.default\">\n\t\t\t\t\t\t\t<div class=\"e-hosted-video elementor-wrapper elementor-open-inline\">\n\t\t\t\t\t<video class=\"elementor-video\" src=\"https:\/\/nicolasrichard.com\/wp-content\/uploads\/2026\/04\/MNJ-15.mp4#t=1\" controls=\"\" preload=\"metadata\" controlsList=\"nodownload\"><\/video>\n\t\t\t\t<\/div>\n\t\t\t\t\t\t<\/div>\n\t\t\t\t<div class=\"elementor-element elementor-element-8bb3216 elementor-widget elementor-widget-text-editor\" data-id=\"8bb3216\" data-element_type=\"widget\" data-e-type=\"widget\" data-widget_type=\"text-editor.default\">\n\t\t\t\t\t\t\t\t\t<p>&#8220;Les Mini Ninjas&#8221;\u00a0 2 x 52 \u00e9pisodes TF1<\/p>\t\t\t\t\t\t\t\t<\/div>\n\t\t\t\t<\/div>\n\t\t<div class=\"elementor-element elementor-element-755bfb5 e-con-full e-flex e-con e-child\" data-id=\"755bfb5\" data-element_type=\"container\" data-e-type=\"container\">\n\t\t\t\t<div class=\"elementor-element elementor-element-d172078 elementor-widget elementor-widget-video\" data-id=\"d172078\" data-element_type=\"widget\" data-e-type=\"widget\" data-settings=\"{&quot;video_type&quot;:&quot;hosted&quot;,&quot;start&quot;:2,&quot;controls&quot;:&quot;yes&quot;}\" data-widget_type=\"video.default\">\n\t\t\t\t\t\t\t<div class=\"e-hosted-video elementor-wrapper elementor-open-inline\">\n\t\t\t\t\t<video class=\"elementor-video\" src=\"https:\/\/nicolasrichard.com\/wp-content\/uploads\/2026\/03\/Monchhichi-Tribe-Episode-2-Can-they-SAVE-Kauri-from-the-Nasties.mp4#t=2\" controls=\"\" preload=\"metadata\" controlsList=\"nodownload\"><\/video>\n\t\t\t\t<\/div>\n\t\t\t\t\t\t<\/div>\n\t\t\t\t<div class=\"elementor-element elementor-element-53db621 elementor-widget elementor-widget-text-editor\" data-id=\"53db621\" data-element_type=\"widget\" data-e-type=\"widget\" data-widget_type=\"text-editor.default\">\n\t\t\t\t\t\t\t\t\t<p>&#8220;La tribu Monchhichi&#8221; 52 \u00e9pisdodes TF1<\/p>\t\t\t\t\t\t\t\t<\/div>\n\t\t\t\t<\/div>\n\t\t<div class=\"elementor-element elementor-element-2d8367a e-con-full e-flex e-con e-child\" data-id=\"2d8367a\" data-element_type=\"container\" data-e-type=\"container\">\n\t\t\t\t<div class=\"elementor-element elementor-element-f479560 elementor-widget elementor-widget-video\" data-id=\"f479560\" data-element_type=\"widget\" data-e-type=\"widget\" data-settings=\"{&quot;video_type&quot;:&quot;hosted&quot;,&quot;controls&quot;:&quot;yes&quot;}\" data-widget_type=\"video.default\">\n\t\t\t\t\t\t\t<div class=\"e-hosted-video elementor-wrapper elementor-open-inline\">\n\t\t\t\t\t<video class=\"elementor-video\" src=\"https:\/\/nicolasrichard.com\/wp-content\/uploads\/2025\/08\/CHAP_EP_1004_basket-all.mp4\" controls=\"\" preload=\"metadata\" controlsList=\"nodownload\" poster=\"https:\/\/nicolasrichard.com\/wp-content\/uploads\/2025\/10\/Chaplin_cartoon.jpg\"><\/video>\n\t\t\t\t<\/div>\n\t\t\t\t\t\t<\/div>\n\t\t\t\t<div class=\"elementor-element elementor-element-713ba26 elementor-widget elementor-widget-text-editor\" data-id=\"713ba26\" data-element_type=\"widget\" data-e-type=\"widget\" data-widget_type=\"text-editor.default\">\n\t\t\t\t\t\t\t\t\t<p>&#8220;Chaplin &amp; co&#8221; 52 \u00e9pisodes<\/p>\t\t\t\t\t\t\t\t<\/div>\n\t\t\t\t<\/div>\n\t\t<div class=\"elementor-element elementor-element-f8e9674 e-con-full e-flex e-con e-child\" data-id=\"f8e9674\" data-element_type=\"container\" data-e-type=\"container\">\n\t\t\t\t<div class=\"elementor-element elementor-element-a756e26 elementor-widget elementor-widget-video\" data-id=\"a756e26\" data-element_type=\"widget\" data-e-type=\"widget\" data-settings=\"{&quot;video_type&quot;:&quot;hosted&quot;,&quot;controls&quot;:&quot;yes&quot;}\" data-widget_type=\"video.default\">\n\t\t\t\t\t\t\t<div class=\"e-hosted-video elementor-wrapper elementor-open-inline\">\n\t\t\t\t\t<video class=\"elementor-video\" src=\"https:\/\/nicolasrichard.com\/wp-content\/uploads\/2025\/08\/Plankton-Invasion.mp4\" controls=\"\" preload=\"metadata\" controlsList=\"nodownload\" poster=\"https:\/\/nicolasrichard.com\/wp-content\/uploads\/2025\/08\/plankton-2-scaled.jpg\"><\/video>\n\t\t\t\t<\/div>\n\t\t\t\t\t\t<\/div>\n\t\t\t\t<div class=\"elementor-element elementor-element-bb1cf7c elementor-widget elementor-widget-text-editor\" data-id=\"bb1cf7c\" data-element_type=\"widget\" data-e-type=\"widget\" data-widget_type=\"text-editor.default\">\n\t\t\t\t\t\t\t\t\t<p>&#8220;Plankton Invasion&#8221;<\/p>\t\t\t\t\t\t\t\t<\/div>\n\t\t\t\t<\/div>\n\t\t<div class=\"elementor-element elementor-element-4ef40b7 e-con-full e-flex e-con e-child\" data-id=\"4ef40b7\" data-element_type=\"container\" data-e-type=\"container\">\n\t\t\t\t<div class=\"elementor-element elementor-element-f7c3b99 elementor-widget elementor-widget-video\" data-id=\"f7c3b99\" data-element_type=\"widget\" data-e-type=\"widget\" data-settings=\"{&quot;video_type&quot;:&quot;hosted&quot;,&quot;controls&quot;:&quot;yes&quot;}\" data-widget_type=\"video.default\">\n\t\t\t\t\t\t\t<div class=\"e-hosted-video elementor-wrapper elementor-open-inline\">\n\t\t\t\t\t<video class=\"elementor-video\" src=\"https:\/\/nicolasrichard.com\/wp-content\/uploads\/2025\/08\/Didou-construis-moi.mp4\" controls=\"\" preload=\"metadata\" controlsList=\"nodownload\" poster=\"https:\/\/nicolasrichard.com\/wp-content\/uploads\/2025\/08\/didou.webp\"><\/video>\n\t\t\t\t<\/div>\n\t\t\t\t\t\t<\/div>\n\t\t\t\t<div class=\"elementor-element elementor-element-557a15d elementor-widget elementor-widget-text-editor\" data-id=\"557a15d\" data-element_type=\"widget\" data-e-type=\"widget\" data-widget_type=\"text-editor.default\">\n\t\t\t\t\t\t\t\t\t<p>&#8220;Didou Construis-moi !&#8221;<\/p>\t\t\t\t\t\t\t\t<\/div>\n\t\t\t\t<\/div>\n\t\t\t\t\t<\/div>\n\t\t\t\t<\/div>\n\t\t<div class=\"elementor-element elementor-element-f7cf3a0 e-grid e-con-boxed e-con e-parent\" data-id=\"f7cf3a0\" data-element_type=\"container\" data-e-type=\"container\">\n\t\t\t\t\t<div class=\"e-con-inner\">\n\t\t\t\t<div class=\"elementor-element elementor-element-80e4ca8 elementor-widget elementor-widget-video\" data-id=\"80e4ca8\" data-element_type=\"widget\" data-e-type=\"widget\" data-settings=\"{&quot;video_type&quot;:&quot;hosted&quot;,&quot;controls&quot;:&quot;yes&quot;}\" data-widget_type=\"video.default\">\n\t\t\t\t\t\t\t<div class=\"e-hosted-video elementor-wrapper elementor-open-inline\">\n\t\t\t\t\t<video class=\"elementor-video\" src=\"https:\/\/nicolasrichard.com\/wp-content\/uploads\/2025\/12\/Jeu-Decisif-Bande-Annonce480p.mp4\" controls=\"\" preload=\"metadata\" controlsList=\"nodownload\" poster=\"https:\/\/nicolasrichard.com\/wp-content\/uploads\/2025\/10\/le-frigo.jpg\"><\/video>\n\t\t\t\t<\/div>\n\t\t\t\t\t\t<\/div>\n\t\t\t\t<div class=\"elementor-element elementor-element-65f2157 elementor-widget elementor-widget-video\" data-id=\"65f2157\" data-element_type=\"widget\" data-e-type=\"widget\" data-settings=\"{&quot;video_type&quot;:&quot;hosted&quot;,&quot;controls&quot;:&quot;yes&quot;}\" data-widget_type=\"video.default\">\n\t\t\t\t\t\t\t<div class=\"e-hosted-video elementor-wrapper elementor-open-inline\">\n\t\t\t\t\t<video class=\"elementor-video\" src=\"https:\/\/nicolasrichard.com\/wp-content\/uploads\/2025\/09\/la-bonne-copine-extrait.mp4\" controls=\"\" preload=\"metadata\" controlsList=\"nodownload\" poster=\"https:\/\/nicolasrichard.com\/wp-content\/uploads\/2025\/10\/La-bonne-copine.jpg\"><\/video>\n\t\t\t\t<\/div>\n\t\t\t\t\t\t<\/div>\n\t\t\t\t<div class=\"elementor-element elementor-element-fdc98a9 elementor-widget elementor-widget-video\" data-id=\"fdc98a9\" data-element_type=\"widget\" data-e-type=\"widget\" data-settings=\"{&quot;video_type&quot;:&quot;hosted&quot;,&quot;controls&quot;:&quot;yes&quot;}\" data-widget_type=\"video.default\">\n\t\t\t\t\t\t\t<div class=\"e-hosted-video elementor-wrapper elementor-open-inline\">\n\t\t\t\t\t<video class=\"elementor-video\" src=\"https:\/\/nicolasrichard.com\/wp-content\/uploads\/2026\/04\/Pif-et-Hercule-se-mettent-au-vert-sur-CANALKIDS.mp4\" controls=\"\" preload=\"metadata\" controlsList=\"nodownload\"><\/video>\n\t\t\t\t<\/div>\n\t\t\t\t\t\t<\/div>\n\t\t\t\t<div class=\"elementor-element elementor-element-fe6d278 elementor-widget elementor-widget-video\" data-id=\"fe6d278\" data-element_type=\"widget\" data-e-type=\"widget\" data-settings=\"{&quot;video_type&quot;:&quot;hosted&quot;,&quot;controls&quot;:&quot;yes&quot;}\" data-widget_type=\"video.default\">\n\t\t\t\t\t\t\t<div class=\"e-hosted-video elementor-wrapper elementor-open-inline\">\n\t\t\t\t\t<video class=\"elementor-video\" src=\"https:\/\/nicolasrichard.com\/wp-content\/uploads\/2026\/04\/GARAGE-CLUB-107.mp4\" controls=\"\" preload=\"metadata\" controlsList=\"nodownload\"><\/video>\n\t\t\t\t<\/div>\n\t\t\t\t\t\t<\/div>\n\t\t<div class=\"elementor-element elementor-element-9a079b0 e-grid e-con-full e-con e-child\" data-id=\"9a079b0\" data-element_type=\"container\" data-e-type=\"container\">\n\t\t\t\t<div class=\"elementor-element elementor-element-56a5eb0 elementor-widget elementor-widget-text-editor\" data-id=\"56a5eb0\" data-element_type=\"widget\" data-e-type=\"widget\" data-widget_type=\"text-editor.default\">\n\t\t\t\t\t\t\t\t\t<p>&#8220;Le frigo&#8221; C+<\/p>\t\t\t\t\t\t\t\t<\/div>\n\t\t\t\t<\/div>\n\t\t\t\t\t<\/div>\n\t\t\t\t<\/div>\n\t\t<div class=\"elementor-element elementor-element-14100f4 e-flex e-con-boxed e-con e-parent\" data-id=\"14100f4\" data-element_type=\"container\" data-e-type=\"container\">\n\t\t\t\t\t<div class=\"e-con-inner\">\n\t\t\t\t\t<\/div>\n\t\t\t\t<\/div>\n\t\t\t\t<\/div>\n\t\t","protected":false},"excerpt":{"rendered":"<p>De la s\u00e9rie culte &#8221; \u00c7a Cartoon&#8221; aux s\u00e9ries anim\u00e9es internationales, en passant par les documentaires et t\u00e9l\u00e9films pour TF1, France T\u00e9l\u00e9visions et Canal+, j\u2019\u00e9cris des musiques qui savent faire sourire, vibrer\u2026 et parfois m\u00eame rester dans la t\u00eate longtemps ! https:\/\/www.youtube.com\/watch?v=6wCMJIsGbQ8&#038;list=PLkFFSE41oDWB7QzC-kOZ7YD1hC7RSUXiH&#038;index=4 &#8221;\u00a0\u00c7a Cartoon, le labo du gag&#8221; 4 x 26 \u00e9pisodes C+ https:\/\/nicolasrichard.com\/wp-content\/uploads\/2026\/04\/MNJ-15.mp4#t=1 &#8220;Les [&hellip;]<\/p>\n","protected":false},"author":1,"featured_media":0,"parent":0,"menu_order":0,"comment_status":"closed","ping_status":"closed","template":"","meta":{"slim_seo":{"title":"S\u00e9ries TV - Nicolas Richard","description":"De la s\u00e9rie culte \" \u00c7a Cartoon\" aux s\u00e9ries anim\u00e9es internationales, en passant par les documentaires et t\u00e9l\u00e9films pour TF1, France T\u00e9l\u00e9visions et Canal+, j\u2019\u00e9cri"},"footnotes":""},"class_list":["post-525","page","type-page","status-publish","hentry"],"_links":{"self":[{"href":"https:\/\/nicolasrichard.com\/index.php\/wp-json\/wp\/v2\/pages\/525","targetHints":{"allow":["GET"]}}],"collection":[{"href":"https:\/\/nicolasrichard.com\/index.php\/wp-json\/wp\/v2\/pages"}],"about":[{"href":"https:\/\/nicolasrichard.com\/index.php\/wp-json\/wp\/v2\/types\/page"}],"author":[{"embeddable":true,"href":"https:\/\/nicolasrichard.com\/index.php\/wp-json\/wp\/v2\/users\/1"}],"replies":[{"embeddable":true,"href":"https:\/\/nicolasrichard.com\/index.php\/wp-json\/wp\/v2\/comments?post=525"}],"version-history":[{"count":86,"href":"https:\/\/nicolasrichard.com\/index.php\/wp-json\/wp\/v2\/pages\/525\/revisions"}],"predecessor-version":[{"id":2022,"href":"https:\/\/nicolasrichard.com\/index.php\/wp-json\/wp\/v2\/pages\/525\/revisions\/2022"}],"wp:attachment":[{"href":"https:\/\/nicolasrichard.com\/index.php\/wp-json\/wp\/v2\/media?parent=525"}],"curies":[{"name":"wp","href":"https:\/\/api.w.org\/{rel}","templated":true}]}}